{"id":178,"date":"2026-03-25T18:49:03","date_gmt":"2026-03-25T17:49:03","guid":{"rendered":"https:\/\/philippe-maillebuau.fr\/?page_id=178"},"modified":"2026-03-25T18:49:03","modified_gmt":"2026-03-25T17:49:03","slug":"philippe-vous-propose","status":"publish","type":"page","link":"https:\/\/philippe-maillebuau.fr\/?page_id=178","title":{"rendered":"Philippe vous propose"},"content":{"rendered":"\n<div class=\"wp-block-group alignfull is-layout-flow wp-container-core-group-is-layout-f9cb6abc wp-block-group-is-layout-flow\" style=\"margin-top:0;margin-bottom:0\">\n<div class=\"wp-block-columns alignfull is-not-stacked-on-mobile is-layout-flex wp-container-core-columns-is-layout-e154fb6a wp-block-columns-is-layout-flex\" style=\"margin-top:0;margin-bottom:0;padding-top:var(--wp--preset--spacing--40);padding-right:var(--wp--preset--spacing--40);padding-bottom:var(--wp--preset--spacing--80);padding-left:var(--wp--preset--spacing--40)\">\n<div class=\"wp-block-column is-layout-flow wp-block-column-is-layout-flow\" style=\"flex-basis:66.66%\">\n<div class=\"wp-block-group is-vertical is-content-justification-stretch is-layout-flex wp-container-core-group-is-layout-7e003bba wp-block-group-is-layout-flex\">\n<p><\/p>\n\n\n\n<p><\/p>\n\n\n\n<ul class=\"wp-block-list\">\n<li class=\"has-x-large-font-size\"><strong>de commander un livre<\/strong> :<\/li>\n<\/ul>\n\n\n\n<p class=\"has-medium-font-size\">Livre Balade dans le temps et l&rsquo;espace tome 1 et tome 2 &#8211; auto\u00e9dition &#8211; 8\u20ac le tome<\/p>\n\n\n\n<p class=\"has-medium-font-size\">Livre Debout au Zinc -version 2024- auto\u00e9dition &#8211; 25\u20ac <\/p>\n\n\n\n<p class=\"has-medium-font-size\">Frais de port : 5\u20ac- par collissimo domicile<\/p>\n\n\n\n<p class=\"has-contrast-color has-text-color has-link-color wp-elements-dbc2d06fe564e8a1c0ca3b9cad255b60\">tranmettez vos coordonn\u00e9es: Nom Pr\u00e9nom, adresse, code postal ville et num\u00e9ro de t\u00e9l\u00e9phone et livre(s) command\u00e9(s) avec l&rsquo;adresse : contact@philippe-maillebuau.fr , je vous contacte alors par t\u00e9l\u00e9phone. <\/p>\n\n\n\n<p class=\"has-contrast-color has-text-color has-link-color wp-elements-64b671762f524e7685edc076f5e99caf\">la livraison sera faite un fois le paiement effetu\u00e9 ( virement ou ch\u00e9que) <\/p>\n\n\n\n<ul class=\"wp-block-list\">\n<li class=\"has-x-large-font-size\">de vous faire plaisir avec une peinture:\n<ul class=\"wp-block-list\">\n<li>choisir un tableau dans les diff\u00e9rents th\u00e8mes<\/li>\n\n\n\n<li>le format est indiqu\u00e9 en l\u00e9gende ( \u00e9valuer sa position dans votre logement)<\/li>\n\n\n\n<li>bien v\u00e9rifier qu&rsquo;il est disponible<\/li>\n\n\n\n<li>Le tableau est livr\u00e9 sans cadre<\/li>\n\n\n\n<li>les tableaux sont tous \u00e0 l&rsquo;huile ( extra fine de grande qualit\u00e9)<\/li>\n\n\n\n<li>le prix vous sera communiquer par retour de m\u00e9l<\/li>\n<\/ul>\n<\/li>\n<\/ul>\n<\/div>\n<\/div>\n\n\n\n<div class=\"wp-block-column is-layout-flow wp-block-column-is-layout-flow\" style=\"flex-basis:12vw\"><\/div>\n\n\n\n<div class=\"wp-block-column is-layout-flow wp-block-column-is-layout-flow\">\n<div class=\"wp-block-group is-content-justification-right is-nowrap is-layout-flex wp-container-core-group-is-layout-17124a9a wp-block-group-is-layout-flex\">\n<p class=\"has-text-align-left\" style=\"line-height:0.6;text-transform:uppercase;writing-mode:vertical-rl\">Atelier gratuit<\/p>\n<\/div>\n<\/div>\n<\/div>\n\n\n\n<div class=\"wp-block-columns alignfull is-style-section-2 is-layout-flex wp-container-core-columns-is-layout-d9884270 wp-block-columns-is-layout-flex is-style-section-2--1\" style=\"padding-top:0;padding-bottom:0\">\n<div class=\"wp-block-column is-layout-flow wp-block-column-is-layout-flow\" style=\"flex-basis:50%\">\n<div class=\"wp-block-group is-vertical is-content-justification-stretch is-layout-flex wp-container-core-group-is-layout-098fff0a wp-block-group-is-layout-flex\" style=\"min-height:33vh;padding-top:var(--wp--preset--spacing--50);padding-right:var(--wp--preset--spacing--50);padding-bottom:var(--wp--preset--spacing--50);padding-left:var(--wp--preset--spacing--50)\">\n<p>Pour me joindre: dans votre logiciel de messagerie, mentionnez l&rsquo;adresse suivante :<em><mark style=\"background-color:rgba(0, 0, 0, 0)\" class=\"has-inline-color has-accent-1-color\"> <strong>contact@philippe-maillebuau.fr<\/strong><\/mark><\/em><\/p>\n\n\n\n<div style=\"height:0px\" aria-hidden=\"true\" class=\"wp-block-spacer wp-container-content-6388d5dc\"><\/div>\n\n\n\n<p>ci-dessous : Parc le nuit en hiver -huile sur toile<\/p>\n\n\n\n<div class=\"wp-block-cover is-light\"><img loading=\"lazy\" decoding=\"async\" width=\"1024\" height=\"777\" class=\"wp-block-cover__image-background wp-image-179 size-large\" alt=\"\" src=\"https:\/\/philippe-maillebuau.fr\/wp-content\/uploads\/2026\/03\/BB61149-1024x777.jpg\" data-object-fit=\"cover\" srcset=\"https:\/\/philippe-maillebuau.fr\/wp-content\/uploads\/2026\/03\/BB61149-1024x777.jpg 1024w, https:\/\/philippe-maillebuau.fr\/wp-content\/uploads\/2026\/03\/BB61149-300x228.jpg 300w, https:\/\/philippe-maillebuau.fr\/wp-content\/uploads\/2026\/03\/BB61149-768x582.jpg 768w, https:\/\/philippe-maillebuau.fr\/wp-content\/uploads\/2026\/03\/BB61149.jpg 1424w\" sizes=\"auto, (max-width: 1024px) 100vw, 1024px\" \/><span aria-hidden=\"true\" class=\"wp-block-cover__background has-background-dim-0 has-background-dim\" style=\"background-color:#978e9d\"><\/span><div class=\"wp-block-cover__inner-container is-layout-flow wp-block-cover-is-layout-flow\">\n<div style=\"height:var(--wp--preset--spacing--20)\" aria-hidden=\"true\" class=\"wp-block-spacer\"><\/div>\n<\/div><\/div>\n<\/div>\n<\/div>\n<\/div>\n<\/div>\n\n\n\n<p><\/p>\n","protected":false},"excerpt":{"rendered":"<p>Livre Balade dans le temps et l&rsquo;espace tome 1 et tome 2 &#8211; auto\u00e9dition &#8211; 8\u20ac le tome Livre Debout au Zinc -version 2024- auto\u00e9dition &#8211; 25\u20ac Frais de port : 5\u20ac- par collissimo domicile tranmettez vos coordonn\u00e9es: Nom Pr\u00e9nom, adresse, code postal ville et num\u00e9ro de t\u00e9l\u00e9phone et livre(s) command\u00e9(s) avec l&rsquo;adresse : contact@philippe-maillebuau.fr [&hellip;]<\/p>\n","protected":false},"author":1,"featured_media":0,"parent":0,"menu_order":0,"comment_status":"closed","ping_status":"closed","template":"","meta":{"footnotes":""},"class_list":["post-178","page","type-page","status-publish","hentry"],"_links":{"self":[{"href":"https:\/\/philippe-maillebuau.fr\/index.php?rest_route=\/wp\/v2\/pages\/178","targetHints":{"allow":["GET"]}}],"collection":[{"href":"https:\/\/philippe-maillebuau.fr\/index.php?rest_route=\/wp\/v2\/pages"}],"about":[{"href":"https:\/\/philippe-maillebuau.fr\/index.php?rest_route=\/wp\/v2\/types\/page"}],"author":[{"embeddable":true,"href":"https:\/\/philippe-maillebuau.fr\/index.php?rest_route=\/wp\/v2\/users\/1"}],"replies":[{"embeddable":true,"href":"https:\/\/philippe-maillebuau.fr\/index.php?rest_route=%2Fwp%2Fv2%2Fcomments&post=178"}],"version-history":[{"count":2,"href":"https:\/\/philippe-maillebuau.fr\/index.php?rest_route=\/wp\/v2\/pages\/178\/revisions"}],"predecessor-version":[{"id":181,"href":"https:\/\/philippe-maillebuau.fr\/index.php?rest_route=\/wp\/v2\/pages\/178\/revisions\/181"}],"wp:attachment":[{"href":"https:\/\/philippe-maillebuau.fr\/index.php?rest_route=%2Fwp%2Fv2%2Fmedia&parent=178"}],"curies":[{"name":"wp","href":"https:\/\/api.w.org\/{rel}","templated":true}]}}