{"id":2,"date":"2025-07-21T16:05:31","date_gmt":"2025-07-21T16:05:31","guid":{"rendered":"http:\/\/philippe-maillebuau.fr\/?page_id=2"},"modified":"2026-01-07T22:54:32","modified_gmt":"2026-01-07T21:54:32","slug":"sample-page","status":"publish","type":"page","link":"https:\/\/philippe-maillebuau.fr\/","title":{"rendered":"Galerie Peintures"},"content":{"rendered":"\n<p>Peintures \u00e0 l&rsquo;huile , parcourez les tableaux regroup\u00e9s en differents th\u00e8mes. Un voyage au coeur de la peinture<\/p>\n\n\n\n<figure class=\"wp-block-image size-large\"><img loading=\"lazy\" decoding=\"async\" width=\"1024\" height=\"857\" src=\"https:\/\/philippe-maillebuau.fr\/wp-content\/uploads\/2026\/01\/01092020-_BB04786-1024x857.jpg\" alt=\"\" class=\"wp-image-35\" srcset=\"https:\/\/philippe-maillebuau.fr\/wp-content\/uploads\/2026\/01\/01092020-_BB04786-1024x857.jpg 1024w, https:\/\/philippe-maillebuau.fr\/wp-content\/uploads\/2026\/01\/01092020-_BB04786-300x251.jpg 300w, https:\/\/philippe-maillebuau.fr\/wp-content\/uploads\/2026\/01\/01092020-_BB04786-768x643.jpg 768w, https:\/\/philippe-maillebuau.fr\/wp-content\/uploads\/2026\/01\/01092020-_BB04786.jpg 1500w\" sizes=\"auto, (max-width: 1024px) 100vw, 1024px\" \/><\/figure>\n\n\n\n<p class=\"has-small-font-size\"><em><sub>Huile sur toile &#8211; Femme dans Paris sous la pluie<\/sub> <\/em><\/p>\n","protected":false},"excerpt":{"rendered":"<p>Peintures \u00e0 l&rsquo;huile , parcourez les tableaux regroup\u00e9s en differents th\u00e8mes. Un voyage au coeur de la peinture Huile sur toile &#8211; Femme dans Paris sous la pluie<\/p>\n","protected":false},"author":1,"featured_media":0,"parent":0,"menu_order":0,"comment_status":"closed","ping_status":"open","template":"","meta":{"footnotes":""},"class_list":["post-2","page","type-page","status-publish","hentry"],"_links":{"self":[{"href":"https:\/\/philippe-maillebuau.fr\/index.php?rest_route=\/wp\/v2\/pages\/2","targetHints":{"allow":["GET"]}}],"collection":[{"href":"https:\/\/philippe-maillebuau.fr\/index.php?rest_route=\/wp\/v2\/pages"}],"about":[{"href":"https:\/\/philippe-maillebuau.fr\/index.php?rest_route=\/wp\/v2\/types\/page"}],"author":[{"embeddable":true,"href":"https:\/\/philippe-maillebuau.fr\/index.php?rest_route=\/wp\/v2\/users\/1"}],"replies":[{"embeddable":true,"href":"https:\/\/philippe-maillebuau.fr\/index.php?rest_route=%2Fwp%2Fv2%2Fcomments&post=2"}],"version-history":[{"count":5,"href":"https:\/\/philippe-maillebuau.fr\/index.php?rest_route=\/wp\/v2\/pages\/2\/revisions"}],"predecessor-version":[{"id":157,"href":"https:\/\/philippe-maillebuau.fr\/index.php?rest_route=\/wp\/v2\/pages\/2\/revisions\/157"}],"wp:attachment":[{"href":"https:\/\/philippe-maillebuau.fr\/index.php?rest_route=%2Fwp%2Fv2%2Fmedia&parent=2"}],"curies":[{"name":"wp","href":"https:\/\/api.w.org\/{rel}","templated":true}]}}