{"id":61,"date":"2026-01-04T14:39:04","date_gmt":"2026-01-04T13:39:04","guid":{"rendered":"https:\/\/philippe-maillebuau.fr\/?page_id=61"},"modified":"2026-01-04T15:04:43","modified_gmt":"2026-01-04T14:04:43","slug":"theme-la-bande-dessinee","status":"publish","type":"page","link":"https:\/\/philippe-maillebuau.fr\/?page_id=61","title":{"rendered":"la bande dessin\u00e9e"},"content":{"rendered":"\n<p><strong>Bande dessin\u00e9e franco belge<\/strong> o\u00f9 l&rsquo;on devine les allusions \u00e0 <strong>Ast\u00e9rix, Boule et Bill, Lucky Luke, Tintin et Milou, Gaston Lagaffe, les tuniques bleues et enfin Spirou et Fantasio<\/strong> (\u00e0 vous de deviner). Des lieux plus ou moins c\u00e9l\u00e8bres ont \u00e9t\u00e9 repr\u00e9sent\u00e9s <\/p>\n\n\n\n<figure class=\"wp-block-gallery has-nested-images columns-default is-cropped wp-block-gallery-1 is-layout-flex wp-block-gallery-is-layout-flex\">\n<figure class=\"wp-block-image size-large\"><img loading=\"lazy\" decoding=\"async\" width=\"1024\" height=\"818\" data-id=\"23\" src=\"https:\/\/philippe-maillebuau.fr\/wp-content\/uploads\/2025\/12\/clin-oeil-tuniques-bleues-1024x818.jpg\" alt=\"\" class=\"wp-image-23\" srcset=\"https:\/\/philippe-maillebuau.fr\/wp-content\/uploads\/2025\/12\/clin-oeil-tuniques-bleues-1024x818.jpg 1024w, https:\/\/philippe-maillebuau.fr\/wp-content\/uploads\/2025\/12\/clin-oeil-tuniques-bleues-300x240.jpg 300w, https:\/\/philippe-maillebuau.fr\/wp-content\/uploads\/2025\/12\/clin-oeil-tuniques-bleues-768x614.jpg 768w, https:\/\/philippe-maillebuau.fr\/wp-content\/uploads\/2025\/12\/clin-oeil-tuniques-bleues-1536x1228.jpg 1536w, https:\/\/philippe-maillebuau.fr\/wp-content\/uploads\/2025\/12\/clin-oeil-tuniques-bleues-2048x1637.jpg 2048w\" sizes=\"auto, (max-width: 1024px) 100vw, 1024px\" \/><\/figure>\n\n\n\n<figure class=\"wp-block-image size-large\"><img loading=\"lazy\" decoding=\"async\" width=\"1024\" height=\"810\" data-id=\"22\" src=\"https:\/\/philippe-maillebuau.fr\/wp-content\/uploads\/2025\/12\/clin-oeil-spirou-1024x810.jpg\" alt=\"\" class=\"wp-image-22\" srcset=\"https:\/\/philippe-maillebuau.fr\/wp-content\/uploads\/2025\/12\/clin-oeil-spirou-1024x810.jpg 1024w, https:\/\/philippe-maillebuau.fr\/wp-content\/uploads\/2025\/12\/clin-oeil-spirou-300x237.jpg 300w, https:\/\/philippe-maillebuau.fr\/wp-content\/uploads\/2025\/12\/clin-oeil-spirou-768x608.jpg 768w, https:\/\/philippe-maillebuau.fr\/wp-content\/uploads\/2025\/12\/clin-oeil-spirou-1536x1215.jpg 1536w, https:\/\/philippe-maillebuau.fr\/wp-content\/uploads\/2025\/12\/clin-oeil-spirou-2048x1620.jpg 2048w\" sizes=\"auto, (max-width: 1024px) 100vw, 1024px\" \/><\/figure>\n\n\n\n<figure class=\"wp-block-image size-large\"><img loading=\"lazy\" decoding=\"async\" width=\"1024\" height=\"831\" data-id=\"21\" src=\"https:\/\/philippe-maillebuau.fr\/wp-content\/uploads\/2025\/12\/clin-oeil-lucky-luke-1024x831.jpg\" alt=\"\" class=\"wp-image-21\" srcset=\"https:\/\/philippe-maillebuau.fr\/wp-content\/uploads\/2025\/12\/clin-oeil-lucky-luke-1024x831.jpg 1024w, https:\/\/philippe-maillebuau.fr\/wp-content\/uploads\/2025\/12\/clin-oeil-lucky-luke-300x243.jpg 300w, https:\/\/philippe-maillebuau.fr\/wp-content\/uploads\/2025\/12\/clin-oeil-lucky-luke-768x623.jpg 768w, https:\/\/philippe-maillebuau.fr\/wp-content\/uploads\/2025\/12\/clin-oeil-lucky-luke-1536x1246.jpg 1536w, https:\/\/philippe-maillebuau.fr\/wp-content\/uploads\/2025\/12\/clin-oeil-lucky-luke-2048x1661.jpg 2048w\" sizes=\"auto, (max-width: 1024px) 100vw, 1024px\" \/><\/figure>\n\n\n\n<figure class=\"wp-block-image size-large\"><img loading=\"lazy\" decoding=\"async\" width=\"1024\" height=\"792\" data-id=\"20\" src=\"https:\/\/philippe-maillebuau.fr\/wp-content\/uploads\/2025\/12\/clin-oeil-gaston-1024x792.jpg\" alt=\"\" class=\"wp-image-20\" srcset=\"https:\/\/philippe-maillebuau.fr\/wp-content\/uploads\/2025\/12\/clin-oeil-gaston-1024x792.jpg 1024w, https:\/\/philippe-maillebuau.fr\/wp-content\/uploads\/2025\/12\/clin-oeil-gaston-300x232.jpg 300w, https:\/\/philippe-maillebuau.fr\/wp-content\/uploads\/2025\/12\/clin-oeil-gaston-768x594.jpg 768w, https:\/\/philippe-maillebuau.fr\/wp-content\/uploads\/2025\/12\/clin-oeil-gaston-1536x1188.jpg 1536w, https:\/\/philippe-maillebuau.fr\/wp-content\/uploads\/2025\/12\/clin-oeil-gaston-2048x1584.jpg 2048w\" sizes=\"auto, (max-width: 1024px) 100vw, 1024px\" \/><\/figure>\n\n\n\n<figure class=\"wp-block-image size-large\"><img loading=\"lazy\" decoding=\"async\" width=\"1024\" height=\"819\" data-id=\"19\" src=\"https:\/\/philippe-maillebuau.fr\/wp-content\/uploads\/2025\/12\/clin-oeil-boule-et-bill-1024x819.jpg\" alt=\"\" class=\"wp-image-19\" srcset=\"https:\/\/philippe-maillebuau.fr\/wp-content\/uploads\/2025\/12\/clin-oeil-boule-et-bill-1024x819.jpg 1024w, https:\/\/philippe-maillebuau.fr\/wp-content\/uploads\/2025\/12\/clin-oeil-boule-et-bill-300x240.jpg 300w, https:\/\/philippe-maillebuau.fr\/wp-content\/uploads\/2025\/12\/clin-oeil-boule-et-bill-768x614.jpg 768w, https:\/\/philippe-maillebuau.fr\/wp-content\/uploads\/2025\/12\/clin-oeil-boule-et-bill-1536x1229.jpg 1536w, https:\/\/philippe-maillebuau.fr\/wp-content\/uploads\/2025\/12\/clin-oeil-boule-et-bill-2048x1638.jpg 2048w\" sizes=\"auto, (max-width: 1024px) 100vw, 1024px\" \/><\/figure>\n\n\n\n<figure class=\"wp-block-image size-large\"><img loading=\"lazy\" decoding=\"async\" width=\"1024\" height=\"815\" data-id=\"18\" src=\"https:\/\/philippe-maillebuau.fr\/wp-content\/uploads\/2025\/12\/clin-oeil-asterix-foret-de-broceliande-1024x815.jpg\" alt=\"\" class=\"wp-image-18\" srcset=\"https:\/\/philippe-maillebuau.fr\/wp-content\/uploads\/2025\/12\/clin-oeil-asterix-foret-de-broceliande-1024x815.jpg 1024w, https:\/\/philippe-maillebuau.fr\/wp-content\/uploads\/2025\/12\/clin-oeil-asterix-foret-de-broceliande-300x239.jpg 300w, https:\/\/philippe-maillebuau.fr\/wp-content\/uploads\/2025\/12\/clin-oeil-asterix-foret-de-broceliande-768x611.jpg 768w, https:\/\/philippe-maillebuau.fr\/wp-content\/uploads\/2025\/12\/clin-oeil-asterix-foret-de-broceliande-1536x1223.jpg 1536w, https:\/\/philippe-maillebuau.fr\/wp-content\/uploads\/2025\/12\/clin-oeil-asterix-foret-de-broceliande-2048x1630.jpg 2048w\" sizes=\"auto, (max-width: 1024px) 100vw, 1024px\" \/><\/figure>\n\n\n\n<figure class=\"wp-block-image size-large\"><img loading=\"lazy\" decoding=\"async\" width=\"1024\" height=\"832\" data-id=\"16\" src=\"https:\/\/philippe-maillebuau.fr\/wp-content\/uploads\/2025\/12\/clin-oeil-tintin-1--1024x832.jpg\" alt=\"\" class=\"wp-image-16\" srcset=\"https:\/\/philippe-maillebuau.fr\/wp-content\/uploads\/2025\/12\/clin-oeil-tintin-1--1024x832.jpg 1024w, https:\/\/philippe-maillebuau.fr\/wp-content\/uploads\/2025\/12\/clin-oeil-tintin-1--300x244.jpg 300w, https:\/\/philippe-maillebuau.fr\/wp-content\/uploads\/2025\/12\/clin-oeil-tintin-1--768x624.jpg 768w, https:\/\/philippe-maillebuau.fr\/wp-content\/uploads\/2025\/12\/clin-oeil-tintin-1--1536x1248.jpg 1536w, https:\/\/philippe-maillebuau.fr\/wp-content\/uploads\/2025\/12\/clin-oeil-tintin-1--2048x1663.jpg 2048w\" sizes=\"auto, (max-width: 1024px) 100vw, 1024px\" \/><\/figure>\n\n\n\n<figure class=\"wp-block-image size-large\"><img loading=\"lazy\" decoding=\"async\" width=\"1024\" height=\"820\" data-id=\"15\" src=\"https:\/\/philippe-maillebuau.fr\/wp-content\/uploads\/2025\/12\/clin-oeil-tintin-1-1024x820.jpg\" alt=\"\" class=\"wp-image-15\" srcset=\"https:\/\/philippe-maillebuau.fr\/wp-content\/uploads\/2025\/12\/clin-oeil-tintin-1-1024x820.jpg 1024w, https:\/\/philippe-maillebuau.fr\/wp-content\/uploads\/2025\/12\/clin-oeil-tintin-1-300x240.jpg 300w, https:\/\/philippe-maillebuau.fr\/wp-content\/uploads\/2025\/12\/clin-oeil-tintin-1-768x615.jpg 768w, https:\/\/philippe-maillebuau.fr\/wp-content\/uploads\/2025\/12\/clin-oeil-tintin-1-1536x1230.jpg 1536w, https:\/\/philippe-maillebuau.fr\/wp-content\/uploads\/2025\/12\/clin-oeil-tintin-1-2048x1639.jpg 2048w\" sizes=\"auto, (max-width: 1024px) 100vw, 1024px\" \/><\/figure>\n<\/figure>\n","protected":false},"excerpt":{"rendered":"<p>Bande dessin\u00e9e franco belge o\u00f9 l&rsquo;on devine les allusions \u00e0 Ast\u00e9rix, Boule et Bill, Lucky Luke, Tintin et Milou, Gaston Lagaffe, les tuniques bleues et enfin Spirou et Fantasio (\u00e0 vous de deviner). Des lieux plus ou moins c\u00e9l\u00e8bres ont \u00e9t\u00e9 repr\u00e9sent\u00e9s<\/p>\n","protected":false},"author":1,"featured_media":0,"parent":2,"menu_order":0,"comment_status":"closed","ping_status":"closed","template":"","meta":{"footnotes":""},"class_list":["post-61","page","type-page","status-publish","hentry"],"_links":{"self":[{"href":"https:\/\/philippe-maillebuau.fr\/index.php?rest_route=\/wp\/v2\/pages\/61","targetHints":{"allow":["GET"]}}],"collection":[{"href":"https:\/\/philippe-maillebuau.fr\/index.php?rest_route=\/wp\/v2\/pages"}],"about":[{"href":"https:\/\/philippe-maillebuau.fr\/index.php?rest_route=\/wp\/v2\/types\/page"}],"author":[{"embeddable":true,"href":"https:\/\/philippe-maillebuau.fr\/index.php?rest_route=\/wp\/v2\/users\/1"}],"replies":[{"embeddable":true,"href":"https:\/\/philippe-maillebuau.fr\/index.php?rest_route=%2Fwp%2Fv2%2Fcomments&post=61"}],"version-history":[{"count":2,"href":"https:\/\/philippe-maillebuau.fr\/index.php?rest_route=\/wp\/v2\/pages\/61\/revisions"}],"predecessor-version":[{"id":91,"href":"https:\/\/philippe-maillebuau.fr\/index.php?rest_route=\/wp\/v2\/pages\/61\/revisions\/91"}],"up":[{"embeddable":true,"href":"https:\/\/philippe-maillebuau.fr\/index.php?rest_route=\/wp\/v2\/pages\/2"}],"wp:attachment":[{"href":"https:\/\/philippe-maillebuau.fr\/index.php?rest_route=%2Fwp%2Fv2%2Fmedia&parent=61"}],"curies":[{"name":"wp","href":"https:\/\/api.w.org\/{rel}","templated":true}]}}