{"id":7,"date":"2026-01-04T14:41:41","date_gmt":"2026-01-04T13:41:41","guid":{"rendered":"https:\/\/philippe-maillebuau.fr\/?page_id=7"},"modified":"2026-01-04T19:50:37","modified_gmt":"2026-01-04T18:50:37","slug":"theme-la-foret","status":"publish","type":"page","link":"https:\/\/philippe-maillebuau.fr\/?page_id=7","title":{"rendered":"La for\u00eat en majest\u00e9"},"content":{"rendered":"\n<p>:La for\u00eat, un th\u00e8me in\u00e9puisable et tellement ressour\u00e7ant<\/p>\n\n\n\n<figure class=\"wp-block-gallery has-nested-images columns-default is-cropped wp-block-gallery-1 is-layout-flex wp-block-gallery-is-layout-flex\">\n<figure class=\"wp-block-image size-large\"><img loading=\"lazy\" decoding=\"async\" width=\"1024\" height=\"888\" data-id=\"55\" src=\"https:\/\/philippe-maillebuau.fr\/wp-content\/uploads\/2026\/01\/sous-bois-1024x888.jpg\" alt=\"\" class=\"wp-image-55\" srcset=\"https:\/\/philippe-maillebuau.fr\/wp-content\/uploads\/2026\/01\/sous-bois-1024x888.jpg 1024w, https:\/\/philippe-maillebuau.fr\/wp-content\/uploads\/2026\/01\/sous-bois-300x260.jpg 300w, https:\/\/philippe-maillebuau.fr\/wp-content\/uploads\/2026\/01\/sous-bois-768x666.jpg 768w, https:\/\/philippe-maillebuau.fr\/wp-content\/uploads\/2026\/01\/sous-bois.jpg 1246w\" sizes=\"auto, (max-width: 1024px) 100vw, 1024px\" \/><\/figure>\n\n\n\n<figure class=\"wp-block-image size-large\"><img loading=\"lazy\" decoding=\"async\" width=\"1024\" height=\"811\" data-id=\"39\" src=\"https:\/\/philippe-maillebuau.fr\/wp-content\/uploads\/2026\/01\/verdure-en-sous-bois-1024x811.jpg\" alt=\"\" class=\"wp-image-39\" srcset=\"https:\/\/philippe-maillebuau.fr\/wp-content\/uploads\/2026\/01\/verdure-en-sous-bois-1024x811.jpg 1024w, https:\/\/philippe-maillebuau.fr\/wp-content\/uploads\/2026\/01\/verdure-en-sous-bois-300x238.jpg 300w, https:\/\/philippe-maillebuau.fr\/wp-content\/uploads\/2026\/01\/verdure-en-sous-bois-768x609.jpg 768w, https:\/\/philippe-maillebuau.fr\/wp-content\/uploads\/2026\/01\/verdure-en-sous-bois.jpg 1363w\" sizes=\"auto, (max-width: 1024px) 100vw, 1024px\" \/><\/figure>\n\n\n\n<figure class=\"wp-block-image size-large\"><img loading=\"lazy\" decoding=\"async\" width=\"1024\" height=\"807\" data-id=\"50\" src=\"https:\/\/philippe-maillebuau.fr\/wp-content\/uploads\/2026\/01\/foret-campagne-1024x807.jpg\" alt=\"\" class=\"wp-image-50\" srcset=\"https:\/\/philippe-maillebuau.fr\/wp-content\/uploads\/2026\/01\/foret-campagne-1024x807.jpg 1024w, https:\/\/philippe-maillebuau.fr\/wp-content\/uploads\/2026\/01\/foret-campagne-300x236.jpg 300w, https:\/\/philippe-maillebuau.fr\/wp-content\/uploads\/2026\/01\/foret-campagne-768x605.jpg 768w, https:\/\/philippe-maillebuau.fr\/wp-content\/uploads\/2026\/01\/foret-campagne.jpg 1371w\" sizes=\"auto, (max-width: 1024px) 100vw, 1024px\" \/><\/figure>\n\n\n\n<figure class=\"wp-block-image size-large\"><img loading=\"lazy\" decoding=\"async\" width=\"1024\" height=\"723\" data-id=\"121\" src=\"https:\/\/philippe-maillebuau.fr\/wp-content\/uploads\/2026\/01\/BB03182-1024x723.jpg\" alt=\"\" class=\"wp-image-121\" srcset=\"https:\/\/philippe-maillebuau.fr\/wp-content\/uploads\/2026\/01\/BB03182-1024x723.jpg 1024w, https:\/\/philippe-maillebuau.fr\/wp-content\/uploads\/2026\/01\/BB03182-300x212.jpg 300w, https:\/\/philippe-maillebuau.fr\/wp-content\/uploads\/2026\/01\/BB03182-768x542.jpg 768w, https:\/\/philippe-maillebuau.fr\/wp-content\/uploads\/2026\/01\/BB03182.jpg 1529w\" sizes=\"auto, (max-width: 1024px) 100vw, 1024px\" \/><\/figure>\n\n\n\n<figure class=\"wp-block-image size-large\"><img loading=\"lazy\" decoding=\"async\" width=\"1024\" height=\"810\" data-id=\"52\" src=\"https:\/\/philippe-maillebuau.fr\/wp-content\/uploads\/2026\/01\/riviere-en-sous-bois--1024x810.jpg\" alt=\"\" class=\"wp-image-52\" srcset=\"https:\/\/philippe-maillebuau.fr\/wp-content\/uploads\/2026\/01\/riviere-en-sous-bois--1024x810.jpg 1024w, https:\/\/philippe-maillebuau.fr\/wp-content\/uploads\/2026\/01\/riviere-en-sous-bois--300x237.jpg 300w, https:\/\/philippe-maillebuau.fr\/wp-content\/uploads\/2026\/01\/riviere-en-sous-bois--768x608.jpg 768w, https:\/\/philippe-maillebuau.fr\/wp-content\/uploads\/2026\/01\/riviere-en-sous-bois-.jpg 1365w\" sizes=\"auto, (max-width: 1024px) 100vw, 1024px\" \/><\/figure>\n\n\n\n<figure class=\"wp-block-image size-large\"><img loading=\"lazy\" decoding=\"async\" width=\"1024\" height=\"803\" data-id=\"81\" src=\"https:\/\/philippe-maillebuau.fr\/wp-content\/uploads\/2026\/01\/BB60725-1024x803.jpg\" alt=\"\" class=\"wp-image-81\" srcset=\"https:\/\/philippe-maillebuau.fr\/wp-content\/uploads\/2026\/01\/BB60725-1024x803.jpg 1024w, https:\/\/philippe-maillebuau.fr\/wp-content\/uploads\/2026\/01\/BB60725-300x235.jpg 300w, https:\/\/philippe-maillebuau.fr\/wp-content\/uploads\/2026\/01\/BB60725-768x603.jpg 768w, https:\/\/philippe-maillebuau.fr\/wp-content\/uploads\/2026\/01\/BB60725.jpg 1351w\" sizes=\"auto, (max-width: 1024px) 100vw, 1024px\" \/><\/figure>\n\n\n\n<figure class=\"wp-block-image size-large\"><img loading=\"lazy\" decoding=\"async\" width=\"776\" height=\"1024\" data-id=\"128\" src=\"https:\/\/philippe-maillebuau.fr\/wp-content\/uploads\/2026\/01\/FORET-GUEPIERS-776x1024.jpg\" alt=\"\" class=\"wp-image-128\" srcset=\"https:\/\/philippe-maillebuau.fr\/wp-content\/uploads\/2026\/01\/FORET-GUEPIERS-776x1024.jpg 776w, https:\/\/philippe-maillebuau.fr\/wp-content\/uploads\/2026\/01\/FORET-GUEPIERS-227x300.jpg 227w, https:\/\/philippe-maillebuau.fr\/wp-content\/uploads\/2026\/01\/FORET-GUEPIERS-768x1013.jpg 768w, https:\/\/philippe-maillebuau.fr\/wp-content\/uploads\/2026\/01\/FORET-GUEPIERS.jpg 1080w\" sizes=\"auto, (max-width: 776px) 100vw, 776px\" \/><\/figure>\n<\/figure>\n\n\n\n<p>Tableaux au format F30 , peinture \u00e0 l&rsquo;huile de haute qualit\u00e9<\/p>\n\n\n\n<p><\/p>\n","protected":false},"excerpt":{"rendered":"<p>:La for\u00eat, un th\u00e8me in\u00e9puisable et tellement ressour\u00e7ant Tableaux au format F30 , peinture \u00e0 l&rsquo;huile de haute qualit\u00e9<\/p>\n","protected":false},"author":1,"featured_media":0,"parent":2,"menu_order":0,"comment_status":"closed","ping_status":"closed","template":"","meta":{"footnotes":""},"class_list":["post-7","page","type-page","status-publish","hentry"],"_links":{"self":[{"href":"https:\/\/philippe-maillebuau.fr\/index.php?rest_route=\/wp\/v2\/pages\/7","targetHints":{"allow":["GET"]}}],"collection":[{"href":"https:\/\/philippe-maillebuau.fr\/index.php?rest_route=\/wp\/v2\/pages"}],"about":[{"href":"https:\/\/philippe-maillebuau.fr\/index.php?rest_route=\/wp\/v2\/types\/page"}],"author":[{"embeddable":true,"href":"https:\/\/philippe-maillebuau.fr\/index.php?rest_route=\/wp\/v2\/users\/1"}],"replies":[{"embeddable":true,"href":"https:\/\/philippe-maillebuau.fr\/index.php?rest_route=%2Fwp%2Fv2%2Fcomments&post=7"}],"version-history":[{"count":7,"href":"https:\/\/philippe-maillebuau.fr\/index.php?rest_route=\/wp\/v2\/pages\/7\/revisions"}],"predecessor-version":[{"id":153,"href":"https:\/\/philippe-maillebuau.fr\/index.php?rest_route=\/wp\/v2\/pages\/7\/revisions\/153"}],"up":[{"embeddable":true,"href":"https:\/\/philippe-maillebuau.fr\/index.php?rest_route=\/wp\/v2\/pages\/2"}],"wp:attachment":[{"href":"https:\/\/philippe-maillebuau.fr\/index.php?rest_route=%2Fwp%2Fv2%2Fmedia&parent=7"}],"curies":[{"name":"wp","href":"https:\/\/api.w.org\/{rel}","templated":true}]}}