{"id":75,"date":"2026-01-04T14:40:54","date_gmt":"2026-01-04T13:40:54","guid":{"rendered":"https:\/\/philippe-maillebuau.fr\/?page_id=75"},"modified":"2026-01-11T23:08:00","modified_gmt":"2026-01-11T22:08:00","slug":"theme-la-vie-quotidienne","status":"publish","type":"page","link":"https:\/\/philippe-maillebuau.fr\/?page_id=75","title":{"rendered":"la vie au quotidien"},"content":{"rendered":"\n<p>Th\u00e8me \u00ab\u00a0<\/p>\n\n\n\n<p>Bar \u00e0 bi\u00e8res, au coin du feu, le cirque, l&rsquo;exposition universelle, le grand p\u00e8re<\/p>\n\n\n\n<figure class=\"wp-block-image size-large\"><img loading=\"lazy\" decoding=\"async\" width=\"1024\" height=\"814\" src=\"https:\/\/philippe-maillebuau.fr\/wp-content\/uploads\/2026\/01\/BB60907-1024x814.jpg\" alt=\"\" class=\"wp-image-43\" srcset=\"https:\/\/philippe-maillebuau.fr\/wp-content\/uploads\/2026\/01\/BB60907-1024x814.jpg 1024w, https:\/\/philippe-maillebuau.fr\/wp-content\/uploads\/2026\/01\/BB60907-300x239.jpg 300w, https:\/\/philippe-maillebuau.fr\/wp-content\/uploads\/2026\/01\/BB60907-768x611.jpg 768w, https:\/\/philippe-maillebuau.fr\/wp-content\/uploads\/2026\/01\/BB60907.jpg 1358w\" sizes=\"auto, (max-width: 1024px) 100vw, 1024px\" \/><\/figure>\n\n\n\n<figure class=\"wp-block-gallery has-nested-images columns-default is-cropped wp-block-gallery-1 is-layout-flex wp-block-gallery-is-layout-flex\">\n<figure class=\"wp-block-image size-large\"><img loading=\"lazy\" decoding=\"async\" width=\"1024\" height=\"759\" data-id=\"123\" src=\"https:\/\/philippe-maillebuau.fr\/wp-content\/uploads\/2026\/01\/DSC8776-2-1024x759.jpg\" alt=\"\" class=\"wp-image-123\" srcset=\"https:\/\/philippe-maillebuau.fr\/wp-content\/uploads\/2026\/01\/DSC8776-2-1024x759.jpg 1024w, https:\/\/philippe-maillebuau.fr\/wp-content\/uploads\/2026\/01\/DSC8776-2-300x222.jpg 300w, https:\/\/philippe-maillebuau.fr\/wp-content\/uploads\/2026\/01\/DSC8776-2-768x569.jpg 768w, https:\/\/philippe-maillebuau.fr\/wp-content\/uploads\/2026\/01\/DSC8776-2-1536x1138.jpg 1536w, https:\/\/philippe-maillebuau.fr\/wp-content\/uploads\/2026\/01\/DSC8776-2.jpg 2024w\" sizes=\"auto, (max-width: 1024px) 100vw, 1024px\" \/><\/figure>\n\n\n\n<figure class=\"wp-block-image size-large\"><img loading=\"lazy\" decoding=\"async\" width=\"1024\" height=\"811\" data-id=\"132\" src=\"https:\/\/philippe-maillebuau.fr\/wp-content\/uploads\/2026\/01\/le-cirque-1024x811.jpg\" alt=\"\" class=\"wp-image-132\" srcset=\"https:\/\/philippe-maillebuau.fr\/wp-content\/uploads\/2026\/01\/le-cirque-1024x811.jpg 1024w, https:\/\/philippe-maillebuau.fr\/wp-content\/uploads\/2026\/01\/le-cirque-300x238.jpg 300w, https:\/\/philippe-maillebuau.fr\/wp-content\/uploads\/2026\/01\/le-cirque-768x608.jpg 768w, https:\/\/philippe-maillebuau.fr\/wp-content\/uploads\/2026\/01\/le-cirque.jpg 1200w\" sizes=\"auto, (max-width: 1024px) 100vw, 1024px\" \/><\/figure>\n<\/figure>\n\n\n\n<figure class=\"wp-block-gallery has-nested-images columns-default is-cropped wp-block-gallery-2 is-layout-flex wp-block-gallery-is-layout-flex\">\n<figure class=\"wp-block-image size-large\"><img loading=\"lazy\" decoding=\"async\" width=\"1024\" height=\"889\" data-id=\"125\" src=\"https:\/\/philippe-maillebuau.fr\/wp-content\/uploads\/2026\/01\/DSC9799-1024x889.jpg\" alt=\"\" class=\"wp-image-125\" srcset=\"https:\/\/philippe-maillebuau.fr\/wp-content\/uploads\/2026\/01\/DSC9799-1024x889.jpg 1024w, https:\/\/philippe-maillebuau.fr\/wp-content\/uploads\/2026\/01\/DSC9799-300x260.jpg 300w, https:\/\/philippe-maillebuau.fr\/wp-content\/uploads\/2026\/01\/DSC9799-768x667.jpg 768w, https:\/\/philippe-maillebuau.fr\/wp-content\/uploads\/2026\/01\/DSC9799-1536x1334.jpg 1536w, https:\/\/philippe-maillebuau.fr\/wp-content\/uploads\/2026\/01\/DSC9799-2048x1778.jpg 2048w\" sizes=\"auto, (max-width: 1024px) 100vw, 1024px\" \/><\/figure>\n\n\n\n<figure class=\"wp-block-image size-large\"><img loading=\"lazy\" decoding=\"async\" width=\"1007\" height=\"1024\" data-id=\"130\" src=\"https:\/\/philippe-maillebuau.fr\/wp-content\/uploads\/2026\/01\/homme-et-son-chien-1007x1024.jpg\" alt=\"\" class=\"wp-image-130\" srcset=\"https:\/\/philippe-maillebuau.fr\/wp-content\/uploads\/2026\/01\/homme-et-son-chien-1007x1024.jpg 1007w, https:\/\/philippe-maillebuau.fr\/wp-content\/uploads\/2026\/01\/homme-et-son-chien-295x300.jpg 295w, https:\/\/philippe-maillebuau.fr\/wp-content\/uploads\/2026\/01\/homme-et-son-chien-768x781.jpg 768w, https:\/\/philippe-maillebuau.fr\/wp-content\/uploads\/2026\/01\/homme-et-son-chien-1510x1536.jpg 1510w, https:\/\/philippe-maillebuau.fr\/wp-content\/uploads\/2026\/01\/homme-et-son-chien.jpg 1920w\" sizes=\"auto, (max-width: 1007px) 100vw, 1007px\" \/><\/figure>\n<\/figure>\n","protected":false},"excerpt":{"rendered":"<p>Th\u00e8me \u00ab\u00a0 Bar \u00e0 bi\u00e8res, au coin du feu, le cirque, l&rsquo;exposition universelle, le grand p\u00e8re<\/p>\n","protected":false},"author":1,"featured_media":0,"parent":2,"menu_order":0,"comment_status":"closed","ping_status":"closed","template":"","meta":{"footnotes":""},"class_list":["post-75","page","type-page","status-publish","hentry"],"_links":{"self":[{"href":"https:\/\/philippe-maillebuau.fr\/index.php?rest_route=\/wp\/v2\/pages\/75","targetHints":{"allow":["GET"]}}],"collection":[{"href":"https:\/\/philippe-maillebuau.fr\/index.php?rest_route=\/wp\/v2\/pages"}],"about":[{"href":"https:\/\/philippe-maillebuau.fr\/index.php?rest_route=\/wp\/v2\/types\/page"}],"author":[{"embeddable":true,"href":"https:\/\/philippe-maillebuau.fr\/index.php?rest_route=\/wp\/v2\/users\/1"}],"replies":[{"embeddable":true,"href":"https:\/\/philippe-maillebuau.fr\/index.php?rest_route=%2Fwp%2Fv2%2Fcomments&post=75"}],"version-history":[{"count":10,"href":"https:\/\/philippe-maillebuau.fr\/index.php?rest_route=\/wp\/v2\/pages\/75\/revisions"}],"predecessor-version":[{"id":173,"href":"https:\/\/philippe-maillebuau.fr\/index.php?rest_route=\/wp\/v2\/pages\/75\/revisions\/173"}],"up":[{"embeddable":true,"href":"https:\/\/philippe-maillebuau.fr\/index.php?rest_route=\/wp\/v2\/pages\/2"}],"wp:attachment":[{"href":"https:\/\/philippe-maillebuau.fr\/index.php?rest_route=%2Fwp%2Fv2%2Fmedia&parent=75"}],"curies":[{"name":"wp","href":"https:\/\/api.w.org\/{rel}","templated":true}]}}